{"id":458,"date":"2019-07-27T18:19:27","date_gmt":"2019-07-27T16:19:27","guid":{"rendered":"https:\/\/mariettastuhlfelder.com\/?page_id=458"},"modified":"2019-07-27T18:19:27","modified_gmt":"2019-07-27T16:19:27","slug":"datenschutz","status":"publish","type":"page","link":"https:\/\/mariettastuhlfelder.com\/en\/datenschutz\/","title":{"rendered":"Datenschutz"},"content":{"rendered":"<p><span style=\"font-size: 14pt;\"><strong>Datenschutz<\/strong><\/span><\/p>\n<p>Verantwortlich f\u00fcr die Verarbeitung Ihrer personenbezogenen Daten auf dieser Website ist Marietta Stuhlfelder. Meine Daten finden Sie im <a href=\"https:\/\/mariettastuhlfelder.com\/impressum\">Impressum<\/a>.<\/p>\n<p>Wir nehmen den Schutz Ihrer pers\u00f6nlichen Daten sehr ernst. Wir behandeln Ihre personenbezogenen Daten vertraulich und entsprechend der gesetzlichen Datenschutzvorschriften sowie dieser Datenschutzerkl\u00e4rung. Die Nutzung unserer Webseite ist in der Regel ohne Angabe personenbezogener Daten m\u00f6glich. Soweit auf unseren Seiten personenbezogene Daten (beispielsweise Name, Anschrift oder E-Mail-Adressen) erhoben werden, erfolgt dies, soweit m\u00f6glich, stets auf freiwilliger Basis. Ihre Daten werden ohne Ihre ausdr\u00fcckliche Zustimmung nicht an Dritte weitergegeben.<\/p>\n<p><strong>Cookies<\/strong><\/p>\n<p>Diese Website verwendet Cookies. Cookies machen Websites f\u00fcr den Benutzer benutzerfreundlicher und effizienter. Ein Cookie ist eine kleine Textdatei, die zur Speicherung von Informationen dient. Beim Besuch einer Website kann die Website auf dem Computer des Website-Besuchers ein Cookie platzieren. Besucht der Benutzer die Website sp\u00e4ter wieder, kann die Website die Daten des fr\u00fcher gespeicherten Cookies auslesen und so z.B. feststellen, ob der Benutzer die Website schon fr\u00fcher besucht hat und f\u00fcr welche Bereiche der Website sich der Benutzer besonders interessiert hat.<\/p>\n<p><strong>\u00c4ndern der Cookie-Einstellungen<\/strong><\/p>\n<p>Wie der Web-Browser mit Cookies umgeht, welche Cookies zugelassen oder abgelehnt werden, kann der Benutzer in den Einstellungen des Web-Browsers festlegen. Wo genau sich diese Einstellungen befinden, h\u00e4ngt vom jeweiligen Web-Browser ab. Detailinformationen dazu k\u00f6nnen \u00fcber die Hilfe-Funktion des jeweiligen Web-Browsers aufgerufen werden. Wenn die Nutzung von Cookies eingeschr\u00e4nkt wird, sind unter Umst\u00e4nden nicht mehr alle Funktionen dieser Website vollumf\u00e4nglich nutzbar.<\/p>\n<p><strong>Cookies auf unserer Website<\/strong><\/p>\n<p>Unsere Website verwendet folgende Anbieter:<\/p>\n<p>Google: Dient zur Speicherung von Benutzerdaten im Zusammenhang mit der Website-Statistiksoftware Google-Analytics durch Google. Weitere Informationen erhalten Sie bei Google-Analytics. Sie k\u00f6nnen die Setzung des Cookies unterbinden. Wie das funktioniert, erfahren Sie unten.<\/p>\n<p>Facebook: Dient zur Speicherung von Benutzerdaten im Zusammenhang mit dem Facebook-Pixel. Weitere Informationen erhalten Sie bei Facebook Developer sowie bei den Facebook Cookie Hinweisen. Sie k\u00f6nnen die Setzung des Cookies unterbinden. Wie das funktioniert, erfahren Sie unten.<\/p>\n<p><strong>Google Analytics<\/strong><\/p>\n<p>Diese Website verwendet Google Analytics, einen Webanalysedienst der Google Inc., 1600 Amphitheatre Parkway Mountain View, CA 94043, USA (\u201eGoogle\u201c). Wir haben dazu mit Google einen Vertrag zur Auftragsdatenverarbeitung abgeschlossen. Die \u00dcbermittlung der Daten in die USA erfolgt auf Grundlage des Privacy Shields. Beim Aufruf unserer Webseite wird \u00fcber eine Software eine Verbindung zu den Servern von Google hergestellt und Daten an teils in den USA befindliche Server von Google \u00fcbermittelt. Google Analytics verwendet zudem Cookies zur Speicherung von Informationen \u00fcber den Website-Benutzer und zur Analyse der Benutzung der Website durch die Website-Benutzer.<\/p>\n<p>Diese Website nutzt die Funktion \u201eAktivierung der IP-Anonymisierung\u201c. Dadurch wird Ihre IP-Adresse von Google innerhalb von Mitgliedstaaten der Europ\u00e4ischen Union oder in anderen Vertragsstaaten des Abkommens \u00fcber den Europ\u00e4ischen Wirtschaftsraum zuvor gek\u00fcrzt. Nur in Ausnahmef\u00e4llen wird die volle IP-Adresse an einen Server von Google in den USA \u00fcbertragen und dort gek\u00fcrzt. Laut Angaben von Google wird Google die erhobenen Daten benutzen, um die Nutzung der Website auszuwerten, um Reports \u00fcber die Websiteaktivit\u00e4ten zusammenzustellen und um weitere mit der Websitenutzung und der Internetnutzung verbundene Dienstleistungen zu erbringen. Auch wird Google diese Informationen gegebenenfalls an Dritte \u00fcbertragen, sofern dies gesetzlich vorgeschrieben ist oder soweit Dritte diese Daten im Auftrag von Google verarbeiten.<\/p>\n<p>Detaillierte Informationen zum Umgang mit Nutzerdaten bei Google Analytics finden Sie in der <a href=\"https:\/\/policies.google.com\/privacy?gl=AT&amp;hl=de\" target=\"_blank\" rel=\"noopener noreferrer\">Datenschutzerkl\u00e4rung von Google bzw. von Google Analytic<\/a>s.<\/p>\n<p><strong>Google Analytics deaktivieren<\/strong><\/p>\n<p>Sie k\u00f6nnen die Erfassung Ihrer Nutzerdaten durch Google Analytics generell auf allen Websites verhindern, indem Sie das unter dem folgenden Link verf\u00fcgbare Browser-Plugin herunterladen und installieren: <a href=\"https:\/\/tools.google.com\/dlpage\/gaoptout?hl=de\" target=\"_blank\" rel=\"noopener noreferrer\">https:\/\/tools.google.com\/dlpage\/gaoptout?hl=de<\/a><br \/>\nSie k\u00f6nnen die Erfassung Ihrer Nutzerdaten durch Google Analytics nur auf dieser Website verhindern, indem Sie auf folgenden Link klicken. Es wird ein Opt-Out-Cookie gesetzt, das die Erfassung Ihrer Daten bei zuk\u00fcnftigen Besuchen dieser Website verhindert: Google Analytics deaktivieren.<\/p>\n<p><strong>Facebook Pixel<\/strong><\/p>\n<p>Diese Website verwendet Facebook Pixel, einen Webanalysedienst der Facebook Ireland Limited, 4 Grand Canal Square, Dublin 2, Irland (\u201eFacebook\u201c). Wir haben dazu mit Facebook einen Vertrag zur Auftragsdatenverarbeitung abgeschlossen. Die Daten werden teilweise in die USA \u00fcbertragen. Die \u00dcbermittlung der Daten in die USA erfolgt auf Grundlage des Privacy Shields. Beim Aufruf unserer Webseite wird \u00fcber eine Software eine Verbindung zu den Servern von Facebook hergestellt und Daten an teils in den USA befindliche Server von Facebook \u00fcbermittelt. Facebook Pixel verwendet zudem Cookies zur Speicherung von Informationen \u00fcber den Website-Benutzer und zur Analyse der Benutzung der Website durch die Website-Benutzer. Laut Angaben von Facebook wird Facebook die erhobenen Daten benutzen, um die Nutzung der Website auszuwerten, um Reports \u00fcber die Websiteaktivit\u00e4ten zusammenzustellen und um weitere mit der Websitenutzung und der Internetnutzung verbundene Dienstleistungen zu erbringen. Auch wird Facebook diese Informationen gegebenenfalls an Dritte \u00fcbertragen, sofern dies gesetzlich vorgeschrieben ist oder soweit Dritte diese Daten im Auftrag von Facebook verarbeiten.<\/p>\n<p>Detaillierte Informationen zum Umgang mit Nutzerdaten bei Facebook finden Sie in der <a href=\"https:\/\/www.facebook.com\/about\/privacy\" target=\"_blank\" rel=\"noopener noreferrer\">Datenschutzerkl\u00e4rung von Facebook.<\/a><\/p>\n<p>Wenn Sie nicht w\u00fcnschen, dass Facebook den Besuch unserer Seiten Ihrem Facebook-Nutzerkonto zuordnen kann, loggen Sie sich bitte aus Ihrem Facebook-Benutzerkonto aus.<\/p>\n<p><strong>Ihre Rechte<\/strong><\/p>\n<p>Sie haben das Recht auf Auskunft, Berichtigung, L\u00f6schung und Einschr\u00e4nkung der Verarbeitung der personenbezogenen Daten sowie das Recht auf Daten\u00fcbertragung. Zudem haben Sie das Recht auf Widerruf eventuell erteilter Einwilligungen zur Verarbeitung Ihrer personenbezogenen Daten. Die Rechtm\u00e4\u00dfigkeit der Verarbeitung der personenbezogenen Daten bis zum Widerruf wird durch den Widerruf nicht ber\u00fchrt. Zudem haben Sie das Recht auf Widerspruch gegen die Verarbeitung Ihrer personenbezogenen Daten zum Zweck der Direktwerbung. Im Fall des Widerspruchs werden Ihre personenbezogenen Daten nicht mehr zum Zwecke der Direktwerbung verarbeitet. Weiters haben Sie das Recht auf Beschwerde bei der Aufsichtsbeh\u00f6rde (\u00d6sterreichische Datenschutzbeh\u00f6rde, Hohenstaufengasse 3, 1010 Wien, <a href=\"mailto:dsb@dsb.gv.at\" target=\"_blank\" rel=\"noopener noreferrer\">dsb@dsb.gv.at<\/a>).<\/p>\n","protected":false},"excerpt":{"rendered":"<p>Datenschutz Verantwortlich f\u00fcr die Verarbeitung Ihrer personenbezogenen Daten auf dieser Website ist Marietta Stuhlfelder. Meine Daten finden Sie im Impressum. Wir nehmen den Schutz Ihrer pers\u00f6nlichen Daten sehr ernst. Wir behandeln Ihre personenbezogenen Daten vertraulich und entsprechend der gesetzlichen Datenschutzvorschriften sowie dieser Datenschutzerkl\u00e4rung. Die Nutzung unserer Webseite ist in der Regel ohne Angabe personenbezogener Daten [&hellip;]<\/p>\n","protected":false},"author":2,"featured_media":0,"parent":0,"menu_order":0,"comment_status":"closed","ping_status":"closed","template":"","meta":{"footnotes":""},"class_list":["post-458","page","type-page","status-publish","hentry"],"_links":{"self":[{"href":"https:\/\/mariettastuhlfelder.com\/en\/wp-json\/wp\/v2\/pages\/458","targetHints":{"allow":["GET"]}}],"collection":[{"href":"https:\/\/mariettastuhlfelder.com\/en\/wp-json\/wp\/v2\/pages"}],"about":[{"href":"https:\/\/mariettastuhlfelder.com\/en\/wp-json\/wp\/v2\/types\/page"}],"author":[{"embeddable":true,"href":"https:\/\/mariettastuhlfelder.com\/en\/wp-json\/wp\/v2\/users\/2"}],"replies":[{"embeddable":true,"href":"https:\/\/mariettastuhlfelder.com\/en\/wp-json\/wp\/v2\/comments?post=458"}],"version-history":[{"count":1,"href":"https:\/\/mariettastuhlfelder.com\/en\/wp-json\/wp\/v2\/pages\/458\/revisions"}],"predecessor-version":[{"id":459,"href":"https:\/\/mariettastuhlfelder.com\/en\/wp-json\/wp\/v2\/pages\/458\/revisions\/459"}],"wp:attachment":[{"href":"https:\/\/mariettastuhlfelder.com\/en\/wp-json\/wp\/v2\/media?parent=458"}],"curies":[{"name":"wp","href":"https:\/\/api.w.org\/{rel}","templated":true}]}}